{"id":127,"date":"2020-03-26T18:29:25","date_gmt":"2020-03-26T18:29:25","guid":{"rendered":"http:\/\/proyecto107.com\/?page_id=127"},"modified":"2020-04-02T11:50:17","modified_gmt":"2020-04-02T10:50:17","slug":"servicios","status":"publish","type":"page","link":"http:\/\/proyecto107.com\/index.php\/servicios\/","title":{"rendered":"Servicios"},"content":{"rendered":"\t\t<div data-elementor-type=\"wp-page\" data-elementor-id=\"127\" class=\"elementor elementor-127\">\n\t\t\t\t\t\t\t\t\t<section class=\"elementor-section elementor-top-section elementor-element elementor-element-ba4c817 elementor-section-boxed elementor-section-height-default elementor-section-height-default\" data-id=\"ba4c817\" data-element_type=\"section\">\n\t\t\t\t\t\t<div class=\"elementor-container elementor-column-gap-default\">\n\t\t\t\t\t<div class=\"elementor-column elementor-col-100 elementor-top-column elementor-element elementor-element-3b96498\" data-id=\"3b96498\" data-element_type=\"column\">\n\t\t\t<div class=\"elementor-widget-wrap elementor-element-populated\">\n\t\t\t\t\t\t\t\t<div class=\"elementor-element elementor-element-b781337 elementor-widget elementor-widget-spacer\" data-id=\"b781337\" data-element_type=\"widget\" data-widget_type=\"spacer.default\">\n\t\t\t\t<div class=\"elementor-widget-container\">\n\t\t\t\t\t<div class=\"elementor-spacer\">\n\t\t\t<div class=\"elementor-spacer-inner\"><\/div>\n\t\t<\/div>\n\t\t\t\t<\/div>\n\t\t\t\t<\/div>\n\t\t\t\t<section class=\"elementor-section elementor-inner-section elementor-element elementor-element-8be41c1 elementor-section-full_width elementor-section-height-default elementor-section-height-default\" data-id=\"8be41c1\" data-element_type=\"section\">\n\t\t\t\t\t\t<div class=\"elementor-container elementor-column-gap-default\">\n\t\t\t\t\t<div class=\"elementor-column elementor-col-50 elementor-inner-column elementor-element elementor-element-89fb2e7\" data-id=\"89fb2e7\" data-element_type=\"column\">\n\t\t\t<div class=\"elementor-widget-wrap elementor-element-populated\">\n\t\t\t\t\t\t\t\t<div class=\"elementor-element elementor-element-6afd496 elementor-widget elementor-widget-image\" data-id=\"6afd496\" data-element_type=\"widget\" data-widget_type=\"image.default\">\n\t\t\t\t<div class=\"elementor-widget-container\">\n\t\t\t\t\t\t\t\t\t\t\t\t\t\t\t<img width=\"960\" height=\"639\" src=\"http:\/\/proyecto107.com\/wp-content\/uploads\/2020\/04\/VIVIENDA-BLNCO-Y-NEGRO-2.jpg\" class=\"attachment-large size-large wp-image-334\" alt=\"\" loading=\"lazy\" srcset=\"http:\/\/proyecto107.com\/wp-content\/uploads\/2020\/04\/VIVIENDA-BLNCO-Y-NEGRO-2.jpg 960w, http:\/\/proyecto107.com\/wp-content\/uploads\/2020\/04\/VIVIENDA-BLNCO-Y-NEGRO-2-300x200.jpg 300w, http:\/\/proyecto107.com\/wp-content\/uploads\/2020\/04\/VIVIENDA-BLNCO-Y-NEGRO-2-768x511.jpg 768w\" sizes=\"(max-width: 960px) 100vw, 960px\" \/>\t\t\t\t\t\t\t\t\t\t\t\t\t\t\t<\/div>\n\t\t\t\t<\/div>\n\t\t\t\t\t<\/div>\n\t\t<\/div>\n\t\t\t\t<div class=\"elementor-column elementor-col-50 elementor-inner-column elementor-element elementor-element-e850f3d\" data-id=\"e850f3d\" data-element_type=\"column\">\n\t\t\t<div class=\"elementor-widget-wrap elementor-element-populated\">\n\t\t\t\t\t\t\t\t<div class=\"elementor-element elementor-element-40e2420 elementor-widget elementor-widget-heading\" data-id=\"40e2420\" data-element_type=\"widget\" data-widget_type=\"heading.default\">\n\t\t\t\t<div class=\"elementor-widget-container\">\n\t\t\t<h2 class=\"elementor-heading-title elementor-size-default\">Arquitectura<\/h2>\t\t<\/div>\n\t\t\t\t<\/div>\n\t\t\t\t<div class=\"elementor-element elementor-element-9bf49ec elementor-widget elementor-widget-text-editor\" data-id=\"9bf49ec\" data-element_type=\"widget\" data-widget_type=\"text-editor.default\">\n\t\t\t\t<div class=\"elementor-widget-container\">\n\t\t\t\t\t\t\t<p>Redacci\u00f3n de Proyectos de Edificaci\u00f3n y Direcci\u00f3n de Obra:<\/p><p>Edificaci\u00f3n de obra nueva,\u00a0 rehabilitaci\u00f3n y reforma de viviendas unifamiliares, edificios plurifamiliares, edificaciones industriales y comerciales, equipamientos deportivos, docentes y oficinas.<\/p>\t\t\t\t\t\t<\/div>\n\t\t\t\t<\/div>\n\t\t\t\t\t<\/div>\n\t\t<\/div>\n\t\t\t\t\t\t\t<\/div>\n\t\t<\/section>\n\t\t\t\t\t<\/div>\n\t\t<\/div>\n\t\t\t\t\t\t\t<\/div>\n\t\t<\/section>\n\t\t\t\t<section class=\"elementor-section elementor-top-section elementor-element elementor-element-ccebda3 elementor-section-boxed elementor-section-height-default elementor-section-height-default\" data-id=\"ccebda3\" data-element_type=\"section\">\n\t\t\t\t\t\t<div class=\"elementor-container elementor-column-gap-default\">\n\t\t\t\t\t<div class=\"elementor-column elementor-col-100 elementor-top-column elementor-element elementor-element-b1fae9b\" data-id=\"b1fae9b\" data-element_type=\"column\">\n\t\t\t<div class=\"elementor-widget-wrap elementor-element-populated\">\n\t\t\t\t\t\t\t\t<section class=\"elementor-section elementor-inner-section elementor-element elementor-element-0b5faae elementor-section-full_width elementor-section-height-default elementor-section-height-default\" data-id=\"0b5faae\" data-element_type=\"section\">\n\t\t\t\t\t\t<div class=\"elementor-container elementor-column-gap-default\">\n\t\t\t\t\t<div class=\"elementor-column elementor-col-50 elementor-inner-column elementor-element elementor-element-15a83d5\" data-id=\"15a83d5\" data-element_type=\"column\">\n\t\t\t<div class=\"elementor-widget-wrap elementor-element-populated\">\n\t\t\t\t\t\t\t\t<div class=\"elementor-element elementor-element-64cbe8f elementor-widget elementor-widget-image\" data-id=\"64cbe8f\" data-element_type=\"widget\" data-widget_type=\"image.default\">\n\t\t\t\t<div class=\"elementor-widget-container\">\n\t\t\t\t\t\t\t\t\t\t\t\t\t\t\t<img width=\"1024\" height=\"683\" src=\"http:\/\/proyecto107.com\/wp-content\/uploads\/2020\/03\/charlie-deets-YYaMk1sDKq4-unsplash-1024x683.jpg\" class=\"attachment-large size-large wp-image-289\" alt=\"\" loading=\"lazy\" srcset=\"http:\/\/proyecto107.com\/wp-content\/uploads\/2020\/03\/charlie-deets-YYaMk1sDKq4-unsplash-1024x683.jpg 1024w, http:\/\/proyecto107.com\/wp-content\/uploads\/2020\/03\/charlie-deets-YYaMk1sDKq4-unsplash-300x200.jpg 300w, http:\/\/proyecto107.com\/wp-content\/uploads\/2020\/03\/charlie-deets-YYaMk1sDKq4-unsplash-768x512.jpg 768w, http:\/\/proyecto107.com\/wp-content\/uploads\/2020\/03\/charlie-deets-YYaMk1sDKq4-unsplash-1536x1024.jpg 1536w, http:\/\/proyecto107.com\/wp-content\/uploads\/2020\/03\/charlie-deets-YYaMk1sDKq4-unsplash-2048x1365.jpg 2048w\" sizes=\"(max-width: 1024px) 100vw, 1024px\" \/>\t\t\t\t\t\t\t\t\t\t\t\t\t\t\t<\/div>\n\t\t\t\t<\/div>\n\t\t\t\t\t<\/div>\n\t\t<\/div>\n\t\t\t\t<div class=\"elementor-column elementor-col-50 elementor-inner-column elementor-element elementor-element-9a71c3d\" data-id=\"9a71c3d\" data-element_type=\"column\">\n\t\t\t<div class=\"elementor-widget-wrap elementor-element-populated\">\n\t\t\t\t\t\t\t\t<div class=\"elementor-element elementor-element-a41ce4b elementor-widget elementor-widget-heading\" data-id=\"a41ce4b\" data-element_type=\"widget\" data-widget_type=\"heading.default\">\n\t\t\t\t<div class=\"elementor-widget-container\">\n\t\t\t<h2 class=\"elementor-heading-title elementor-size-default\">Urbanismo<\/h2>\t\t<\/div>\n\t\t\t\t<\/div>\n\t\t\t\t<div class=\"elementor-element elementor-element-c91525e elementor-widget elementor-widget-text-editor\" data-id=\"c91525e\" data-element_type=\"widget\" data-widget_type=\"text-editor.default\">\n\t\t\t\t<div class=\"elementor-widget-container\">\n\t\t\t\t\t\t\t<p>Redacci\u00f3n y gesti\u00f3n de Planeamiento Urban\u00edstico en todas sus formas:<\/p><p>Planeamiento general y parcial, planes especiales, estudio de detalles y cat\u00e1logos.<\/p><p>Proyectos y obras de urbanizaci\u00f3n.<\/p>\t\t\t\t\t\t<\/div>\n\t\t\t\t<\/div>\n\t\t\t\t\t<\/div>\n\t\t<\/div>\n\t\t\t\t\t\t\t<\/div>\n\t\t<\/section>\n\t\t\t\t\t<\/div>\n\t\t<\/div>\n\t\t\t\t\t\t\t<\/div>\n\t\t<\/section>\n\t\t\t\t<section class=\"elementor-section elementor-top-section elementor-element elementor-element-5befa89 elementor-section-boxed elementor-section-height-default elementor-section-height-default\" data-id=\"5befa89\" data-element_type=\"section\">\n\t\t\t\t\t\t<div class=\"elementor-container elementor-column-gap-default\">\n\t\t\t\t\t<div class=\"elementor-column elementor-col-100 elementor-top-column elementor-element elementor-element-59fe65b\" data-id=\"59fe65b\" data-element_type=\"column\">\n\t\t\t<div class=\"elementor-widget-wrap elementor-element-populated\">\n\t\t\t\t\t\t\t\t<section class=\"elementor-section elementor-inner-section elementor-element elementor-element-2eea865 elementor-section-full_width elementor-section-height-default elementor-section-height-default\" data-id=\"2eea865\" data-element_type=\"section\">\n\t\t\t\t\t\t<div class=\"elementor-container elementor-column-gap-default\">\n\t\t\t\t\t<div class=\"elementor-column elementor-col-50 elementor-inner-column elementor-element elementor-element-42d0d06\" data-id=\"42d0d06\" data-element_type=\"column\">\n\t\t\t<div class=\"elementor-widget-wrap elementor-element-populated\">\n\t\t\t\t\t\t\t\t<div class=\"elementor-element elementor-element-b8fa37a elementor-widget elementor-widget-image\" data-id=\"b8fa37a\" data-element_type=\"widget\" data-widget_type=\"image.default\">\n\t\t\t\t<div class=\"elementor-widget-container\">\n\t\t\t\t\t\t\t\t\t\t\t\t\t\t\t<img width=\"1024\" height=\"683\" src=\"http:\/\/proyecto107.com\/wp-content\/uploads\/2020\/03\/drew-coffman-jUOaONoXJQk-unsplash-1024x683.jpg\" class=\"attachment-large size-large wp-image-291\" alt=\"\" loading=\"lazy\" srcset=\"http:\/\/proyecto107.com\/wp-content\/uploads\/2020\/03\/drew-coffman-jUOaONoXJQk-unsplash-1024x683.jpg 1024w, http:\/\/proyecto107.com\/wp-content\/uploads\/2020\/03\/drew-coffman-jUOaONoXJQk-unsplash-300x200.jpg 300w, http:\/\/proyecto107.com\/wp-content\/uploads\/2020\/03\/drew-coffman-jUOaONoXJQk-unsplash-768x512.jpg 768w, http:\/\/proyecto107.com\/wp-content\/uploads\/2020\/03\/drew-coffman-jUOaONoXJQk-unsplash-1536x1024.jpg 1536w, http:\/\/proyecto107.com\/wp-content\/uploads\/2020\/03\/drew-coffman-jUOaONoXJQk-unsplash-2048x1365.jpg 2048w\" sizes=\"(max-width: 1024px) 100vw, 1024px\" \/>\t\t\t\t\t\t\t\t\t\t\t\t\t\t\t<\/div>\n\t\t\t\t<\/div>\n\t\t\t\t\t<\/div>\n\t\t<\/div>\n\t\t\t\t<div class=\"elementor-column elementor-col-50 elementor-inner-column elementor-element elementor-element-19d73dc\" data-id=\"19d73dc\" data-element_type=\"column\">\n\t\t\t<div class=\"elementor-widget-wrap elementor-element-populated\">\n\t\t\t\t\t\t\t\t<div class=\"elementor-element elementor-element-8214724 elementor-widget elementor-widget-heading\" data-id=\"8214724\" data-element_type=\"widget\" data-widget_type=\"heading.default\">\n\t\t\t\t<div class=\"elementor-widget-container\">\n\t\t\t<h2 class=\"elementor-heading-title elementor-size-default\">Interiorismo<\/h2>\t\t<\/div>\n\t\t\t\t<\/div>\n\t\t\t\t<div class=\"elementor-element elementor-element-4d6e53a elementor-widget elementor-widget-text-editor\" data-id=\"4d6e53a\" data-element_type=\"widget\" data-widget_type=\"text-editor.default\">\n\t\t\t\t<div class=\"elementor-widget-container\">\n\t\t\t\t\t\t\t<p>Desarrollamos proyectos de interiorismo para espacios residenciales y comerciales adaptandonos a las necesidades del cliente y a su presupuesto. Contamos con la colaboraci\u00f3n de un amplio equipo de profesionales altamente cualificados.\u00a0<\/p>\t\t\t\t\t\t<\/div>\n\t\t\t\t<\/div>\n\t\t\t\t\t<\/div>\n\t\t<\/div>\n\t\t\t\t\t\t\t<\/div>\n\t\t<\/section>\n\t\t\t\t\t<\/div>\n\t\t<\/div>\n\t\t\t\t\t\t\t<\/div>\n\t\t<\/section>\n\t\t\t\t<section class=\"elementor-section elementor-top-section elementor-element elementor-element-706d3bd elementor-section-boxed elementor-section-height-default elementor-section-height-default\" data-id=\"706d3bd\" data-element_type=\"section\">\n\t\t\t\t\t\t<div class=\"elementor-container elementor-column-gap-default\">\n\t\t\t\t\t<div class=\"elementor-column elementor-col-100 elementor-top-column elementor-element elementor-element-ab938a1\" data-id=\"ab938a1\" data-element_type=\"column\">\n\t\t\t<div class=\"elementor-widget-wrap elementor-element-populated\">\n\t\t\t\t\t\t\t\t<section class=\"elementor-section elementor-inner-section elementor-element elementor-element-f69a2c5 elementor-section-full_width elementor-section-height-default elementor-section-height-default\" data-id=\"f69a2c5\" data-element_type=\"section\">\n\t\t\t\t\t\t<div class=\"elementor-container elementor-column-gap-default\">\n\t\t\t\t\t<div class=\"elementor-column elementor-col-50 elementor-inner-column elementor-element elementor-element-a5d845f\" data-id=\"a5d845f\" data-element_type=\"column\">\n\t\t\t<div class=\"elementor-widget-wrap elementor-element-populated\">\n\t\t\t\t\t\t\t\t<div class=\"elementor-element elementor-element-de63fd1 elementor-widget elementor-widget-image\" data-id=\"de63fd1\" data-element_type=\"widget\" data-widget_type=\"image.default\">\n\t\t\t\t<div class=\"elementor-widget-container\">\n\t\t\t\t\t\t\t\t\t\t\t\t\t\t\t<img width=\"275\" height=\"183\" src=\"http:\/\/proyecto107.com\/wp-content\/uploads\/2020\/03\/images.jpg\" class=\"attachment-large size-large wp-image-292\" alt=\"\" loading=\"lazy\" \/>\t\t\t\t\t\t\t\t\t\t\t\t\t\t\t<\/div>\n\t\t\t\t<\/div>\n\t\t\t\t\t<\/div>\n\t\t<\/div>\n\t\t\t\t<div class=\"elementor-column elementor-col-50 elementor-inner-column elementor-element elementor-element-04580af\" data-id=\"04580af\" data-element_type=\"column\">\n\t\t\t<div class=\"elementor-widget-wrap elementor-element-populated\">\n\t\t\t\t\t\t\t\t<div class=\"elementor-element elementor-element-410a573 elementor-widget elementor-widget-heading\" data-id=\"410a573\" data-element_type=\"widget\" data-widget_type=\"heading.default\">\n\t\t\t\t<div class=\"elementor-widget-container\">\n\t\t\t<h2 class=\"elementor-heading-title elementor-size-default\">Paisajismo<\/h2>\t\t<\/div>\n\t\t\t\t<\/div>\n\t\t\t\t<div class=\"elementor-element elementor-element-8dcd2b9 elementor-widget elementor-widget-text-editor\" data-id=\"8dcd2b9\" data-element_type=\"widget\" data-widget_type=\"text-editor.default\">\n\t\t\t\t<div class=\"elementor-widget-container\">\n\t\t\t\t\t\t\t<p>Dise\u00f1o y direcci\u00f3n de obra de jardines en viviendas unifamiliares, complejos residenciales, complejos hoteleros y espacios p\u00fablicos.\u00a0<\/p>\t\t\t\t\t\t<\/div>\n\t\t\t\t<\/div>\n\t\t\t\t\t<\/div>\n\t\t<\/div>\n\t\t\t\t\t\t\t<\/div>\n\t\t<\/section>\n\t\t\t\t\t<\/div>\n\t\t<\/div>\n\t\t\t\t\t\t\t<\/div>\n\t\t<\/section>\n\t\t\t\t<section class=\"elementor-section elementor-top-section elementor-element elementor-element-dfe0046 elementor-section-boxed elementor-section-height-default elementor-section-height-default\" data-id=\"dfe0046\" data-element_type=\"section\">\n\t\t\t\t\t\t<div class=\"elementor-container elementor-column-gap-default\">\n\t\t\t\t\t<div class=\"elementor-column elementor-col-100 elementor-top-column elementor-element elementor-element-af66182\" data-id=\"af66182\" data-element_type=\"column\">\n\t\t\t<div class=\"elementor-widget-wrap elementor-element-populated\">\n\t\t\t\t\t\t\t\t<section class=\"elementor-section elementor-inner-section elementor-element elementor-element-1641f6c elementor-section-full_width elementor-section-height-default elementor-section-height-default\" data-id=\"1641f6c\" data-element_type=\"section\">\n\t\t\t\t\t\t<div class=\"elementor-container elementor-column-gap-default\">\n\t\t\t\t\t<div class=\"elementor-column elementor-col-50 elementor-inner-column elementor-element elementor-element-ac595c2\" data-id=\"ac595c2\" data-element_type=\"column\">\n\t\t\t<div class=\"elementor-widget-wrap elementor-element-populated\">\n\t\t\t\t\t\t\t\t<div class=\"elementor-element elementor-element-c65a10f elementor-widget elementor-widget-image\" data-id=\"c65a10f\" data-element_type=\"widget\" data-widget_type=\"image.default\">\n\t\t\t\t<div class=\"elementor-widget-container\">\n\t\t\t\t\t\t\t\t\t\t\t\t\t\t\t<img width=\"1024\" height=\"683\" src=\"http:\/\/proyecto107.com\/wp-content\/uploads\/2020\/03\/helloquence-5fNmWej4tAA-unsplash-1024x683.jpg\" class=\"attachment-large size-large wp-image-293\" alt=\"\" loading=\"lazy\" srcset=\"http:\/\/proyecto107.com\/wp-content\/uploads\/2020\/03\/helloquence-5fNmWej4tAA-unsplash-1024x683.jpg 1024w, http:\/\/proyecto107.com\/wp-content\/uploads\/2020\/03\/helloquence-5fNmWej4tAA-unsplash-300x200.jpg 300w, http:\/\/proyecto107.com\/wp-content\/uploads\/2020\/03\/helloquence-5fNmWej4tAA-unsplash-768x513.jpg 768w, http:\/\/proyecto107.com\/wp-content\/uploads\/2020\/03\/helloquence-5fNmWej4tAA-unsplash-1536x1025.jpg 1536w\" sizes=\"(max-width: 1024px) 100vw, 1024px\" \/>\t\t\t\t\t\t\t\t\t\t\t\t\t\t\t<\/div>\n\t\t\t\t<\/div>\n\t\t\t\t\t<\/div>\n\t\t<\/div>\n\t\t\t\t<div class=\"elementor-column elementor-col-50 elementor-inner-column elementor-element elementor-element-6fb1ca0\" data-id=\"6fb1ca0\" data-element_type=\"column\">\n\t\t\t<div class=\"elementor-widget-wrap elementor-element-populated\">\n\t\t\t\t\t\t\t\t<div class=\"elementor-element elementor-element-d61424f elementor-widget elementor-widget-heading\" data-id=\"d61424f\" data-element_type=\"widget\" data-widget_type=\"heading.default\">\n\t\t\t\t<div class=\"elementor-widget-container\">\n\t\t\t<h2 class=\"elementor-heading-title elementor-size-default\">Otros servicios de arquitectura<\/h2>\t\t<\/div>\n\t\t\t\t<\/div>\n\t\t\t\t<div class=\"elementor-element elementor-element-02feeb7 elementor-widget elementor-widget-text-editor\" data-id=\"02feeb7\" data-element_type=\"widget\" data-widget_type=\"text-editor.default\">\n\t\t\t\t<div class=\"elementor-widget-container\">\n\t\t\t\t\t\t\t<p>Realizamos Informes, dict\u00e1menes y pericias.<\/p><p>Certificados energ\u00e9ticos, de habitabilidad, estabilidad estructural, de superficie, etc.<\/p><p>Declaraciones de obra nueva para la inscripci\u00f3n de viviendas ya construidas en el registro.<\/p><p>Peritajes y tasaciones.<\/p><p>Seguridad y salud.<\/p><p>Consultor\u00eda t\u00e9cnica.<\/p><p>Levantamientos topogr\u00e1ficos.<\/p>\t\t\t\t\t\t<\/div>\n\t\t\t\t<\/div>\n\t\t\t\t\t<\/div>\n\t\t<\/div>\n\t\t\t\t\t\t\t<\/div>\n\t\t<\/section>\n\t\t\t\t\t<\/div>\n\t\t<\/div>\n\t\t\t\t\t\t\t<\/div>\n\t\t<\/section>\n\t\t\t\t\t\t\t<\/div>\n\t\t","protected":false},"excerpt":{"rendered":"<p>Arquitectura Redacci\u00f3n de Proyectos de Edificaci\u00f3n y Direcci\u00f3n de Obra: Edificaci\u00f3n de obra nueva,&nbsp; rehabilitaci\u00f3n y reforma de viviendas unifamiliares, edificios plurifamiliares, edificaciones industriales y comerciales, equipamientos deportivos, docentes y oficinas. Urbanismo Redacci\u00f3n y gesti\u00f3n de Planeamiento Urban\u00edstico en todas sus formas: Planeamiento general y parcial, planes especiales, estudio de detalles y cat\u00e1logos. Proyectos y [&hellip;]<\/p>\n","protected":false},"author":1,"featured_media":0,"parent":0,"menu_order":0,"comment_status":"closed","ping_status":"closed","template":"elementor_header_footer","meta":[],"_links":{"self":[{"href":"http:\/\/proyecto107.com\/index.php\/wp-json\/wp\/v2\/pages\/127"}],"collection":[{"href":"http:\/\/proyecto107.com\/index.php\/wp-json\/wp\/v2\/pages"}],"about":[{"href":"http:\/\/proyecto107.com\/index.php\/wp-json\/wp\/v2\/types\/page"}],"author":[{"embeddable":true,"href":"http:\/\/proyecto107.com\/index.php\/wp-json\/wp\/v2\/users\/1"}],"replies":[{"embeddable":true,"href":"http:\/\/proyecto107.com\/index.php\/wp-json\/wp\/v2\/comments?post=127"}],"version-history":[{"count":5,"href":"http:\/\/proyecto107.com\/index.php\/wp-json\/wp\/v2\/pages\/127\/revisions"}],"predecessor-version":[{"id":359,"href":"http:\/\/proyecto107.com\/index.php\/wp-json\/wp\/v2\/pages\/127\/revisions\/359"}],"wp:attachment":[{"href":"http:\/\/proyecto107.com\/index.php\/wp-json\/wp\/v2\/media?parent=127"}],"curies":[{"name":"wp","href":"https:\/\/api.w.org\/{rel}","templated":true}]}}